{"id":38,"date":"2022-05-22T17:00:35","date_gmt":"2022-05-22T17:00:35","guid":{"rendered":"https:\/\/nemesanna.hu\/home\/?page_id=38"},"modified":"2022-07-05T09:59:46","modified_gmt":"2022-07-05T09:59:46","slug":"kezdolap","status":"publish","type":"page","link":"https:\/\/nemesanna.hu\/home\/","title":{"rendered":"KEZD\u0150LAP"},"content":{"rendered":"\t\t<div data-elementor-type=\"wp-page\" data-elementor-id=\"38\" class=\"elementor elementor-38\">\n\t\t\t\t\t\t\t\t\t<section class=\"elementor-section elementor-top-section elementor-element elementor-element-8c3d240 elementor-section-full_width elementor-section-height-default elementor-section-height-default\" data-id=\"8c3d240\" data-element_type=\"section\">\n\t\t\t\t\t\t<div class=\"elementor-container elementor-column-gap-default\">\n\t\t\t\t\t<div class=\"elementor-column elementor-col-100 elementor-top-column elementor-element elementor-element-947bc6f\" data-id=\"947bc6f\" data-element_type=\"column\">\n\t\t\t<div class=\"elementor-widget-wrap elementor-element-populated\">\n\t\t\t\t\t\t\t\t<div class=\"elementor-element elementor-element-f21bdf0 elementor-widget elementor-widget-image\" data-id=\"f21bdf0\" data-element_type=\"widget\" data-widget_type=\"image.default\">\n\t\t\t\t<div class=\"elementor-widget-container\">\n\t\t\t<style>\/*! elementor - v3.6.6 - 08-06-2022 *\/\n.elementor-widget-image{text-align:center}.elementor-widget-image a{display:inline-block}.elementor-widget-image a img[src$=\".svg\"]{width:48px}.elementor-widget-image img{vertical-align:middle;display:inline-block}<\/style>\t\t\t\t\t\t\t\t\t\t\t\t<img loading=\"lazy\" decoding=\"async\" width=\"1707\" height=\"2560\" src=\"https:\/\/i0.wp.com\/nemesanna.hu\/home\/wp-content\/uploads\/2022\/07\/NemesAnna_fooldal-scaled.jpg?fit=1707%2C2560&amp;ssl=1\" class=\"attachment-full size-full\" alt=\"\" srcset=\"https:\/\/i0.wp.com\/nemesanna.hu\/home\/wp-content\/uploads\/2022\/07\/NemesAnna_fooldal-scaled.jpg?w=1707&amp;ssl=1 1707w, https:\/\/i0.wp.com\/nemesanna.hu\/home\/wp-content\/uploads\/2022\/07\/NemesAnna_fooldal-scaled.jpg?resize=200%2C300&amp;ssl=1 200w, https:\/\/i0.wp.com\/nemesanna.hu\/home\/wp-content\/uploads\/2022\/07\/NemesAnna_fooldal-scaled.jpg?resize=683%2C1024&amp;ssl=1 683w, https:\/\/i0.wp.com\/nemesanna.hu\/home\/wp-content\/uploads\/2022\/07\/NemesAnna_fooldal-scaled.jpg?resize=768%2C1152&amp;ssl=1 768w, https:\/\/i0.wp.com\/nemesanna.hu\/home\/wp-content\/uploads\/2022\/07\/NemesAnna_fooldal-scaled.jpg?resize=1024%2C1536&amp;ssl=1 1024w, https:\/\/i0.wp.com\/nemesanna.hu\/home\/wp-content\/uploads\/2022\/07\/NemesAnna_fooldal-scaled.jpg?resize=1365%2C2048&amp;ssl=1 1365w\" sizes=\"auto, (max-width: 1000px) 100vw, 1000px\" \/>\t\t\t\t\t\t\t\t\t\t\t\t\t\t\t<\/div>\n\t\t\t\t<\/div>\n\t\t\t\t\t<\/div>\n\t\t<\/div>\n\t\t\t\t\t\t\t<\/div>\n\t\t<\/section>\n\t\t\t\t\t\t\t<\/div>\n\t\t","protected":false},"excerpt":{"rendered":"","protected":false},"author":1,"featured_media":0,"parent":0,"menu_order":0,"comment_status":"closed","ping_status":"closed","template":"elementor_header_footer","meta":{"site-sidebar-layout":"no-sidebar","site-content-layout":"page-builder","ast-global-header-display":"","ast-main-header-display":"","ast-hfb-above-header-display":"","ast-hfb-below-header-display":"","ast-hfb-mobile-header-display":"","site-post-title":"disabled","ast-breadcrumbs-content":"","ast-featured-img":"disabled","footer-sml-layout":"","theme-transparent-header-meta":"","adv-header-id-meta":"","stick-header-meta":"","header-above-stick-meta":"","header-main-stick-meta":"","header-below-stick-meta":"","spay_email":"","footnotes":""},"class_list":["post-38","page","type-page","status-publish","hentry"],"yoast_head":"<!-- This site is optimized with the Yoast SEO plugin v19.2 - https:\/\/yoast.com\/wordpress\/plugins\/seo\/ -->\n<title>KEZD\u0150LAP - Nemes Anna<\/title>\n<meta name=\"robots\" content=\"index, follow, max-snippet:-1, max-image-preview:large, max-video-preview:-1\" \/>\n<link rel=\"canonical\" href=\"https:\/\/nemesanna.hu\/home\/\" \/>\n<meta property=\"og:locale\" content=\"hu_HU\" \/>\n<meta property=\"og:type\" content=\"article\" \/>\n<meta property=\"og:title\" content=\"KEZD\u0150LAP - Nemes Anna\" \/>\n<meta property=\"og:url\" content=\"https:\/\/nemesanna.hu\/home\/\" \/>\n<meta property=\"og:site_name\" content=\"Nemes Anna\" \/>\n<meta property=\"article:modified_time\" content=\"2022-07-05T09:59:46+00:00\" \/>\n<meta property=\"og:image\" content=\"https:\/\/nemesanna.hu\/home\/wp-content\/uploads\/2022\/07\/NemesAnna_fooldal-scaled.jpg\" \/>\n<meta name=\"author\" content=\"admin\" \/>\n<meta name=\"twitter:card\" content=\"summary_large_image\" \/>\n<meta name=\"twitter:label1\" content=\"Becs\u00fclt olvas\u00e1si id\u0151\" \/>\n\t<meta name=\"twitter:data1\" content=\"1 perc\" \/>\n<script type=\"application\/ld+json\" class=\"yoast-schema-graph\">{\"@context\":\"https:\/\/schema.org\",\"@graph\":[{\"@type\":\"WebSite\",\"@id\":\"https:\/\/nemesanna.hu\/home\/#website\",\"url\":\"https:\/\/nemesanna.hu\/home\/\",\"name\":\"Nemes Anna\",\"description\":\"Nemes Anna Blog\",\"potentialAction\":[{\"@type\":\"SearchAction\",\"target\":{\"@type\":\"EntryPoint\",\"urlTemplate\":\"https:\/\/nemesanna.hu\/home\/?s={search_term_string}\"},\"query-input\":\"required name=search_term_string\"}],\"inLanguage\":\"hu\"},{\"@type\":\"ImageObject\",\"inLanguage\":\"hu\",\"@id\":\"https:\/\/nemesanna.hu\/home\/#primaryimage\",\"url\":\"https:\/\/i0.wp.com\/nemesanna.hu\/home\/wp-content\/uploads\/2022\/07\/NemesAnna_fooldal-scaled.jpg?fit=1707%2C2560&ssl=1\",\"contentUrl\":\"https:\/\/i0.wp.com\/nemesanna.hu\/home\/wp-content\/uploads\/2022\/07\/NemesAnna_fooldal-scaled.jpg?fit=1707%2C2560&ssl=1\",\"width\":1707,\"height\":2560},{\"@type\":\"WebPage\",\"@id\":\"https:\/\/nemesanna.hu\/home\/#webpage\",\"url\":\"https:\/\/nemesanna.hu\/home\/\",\"name\":\"KEZD\u0150LAP - Nemes Anna\",\"isPartOf\":{\"@id\":\"https:\/\/nemesanna.hu\/home\/#website\"},\"primaryImageOfPage\":{\"@id\":\"https:\/\/nemesanna.hu\/home\/#primaryimage\"},\"datePublished\":\"2022-05-22T17:00:35+00:00\",\"dateModified\":\"2022-07-05T09:59:46+00:00\",\"breadcrumb\":{\"@id\":\"https:\/\/nemesanna.hu\/home\/#breadcrumb\"},\"inLanguage\":\"hu\",\"potentialAction\":[{\"@type\":\"ReadAction\",\"target\":[\"https:\/\/nemesanna.hu\/home\/\"]}]},{\"@type\":\"BreadcrumbList\",\"@id\":\"https:\/\/nemesanna.hu\/home\/#breadcrumb\",\"itemListElement\":[{\"@type\":\"ListItem\",\"position\":1,\"name\":\"Kezd\u0151lap\",\"item\":\"https:\/\/nemesanna.hu\/home\/\"},{\"@type\":\"ListItem\",\"position\":2,\"name\":\"KEZD\u0150LAP\"}]}]}<\/script>\n<!-- \/ Yoast SEO plugin. -->","yoast_head_json":{"title":"KEZD\u0150LAP - Nemes Anna","robots":{"index":"index","follow":"follow","max-snippet":"max-snippet:-1","max-image-preview":"max-image-preview:large","max-video-preview":"max-video-preview:-1"},"canonical":"https:\/\/nemesanna.hu\/home\/","og_locale":"hu_HU","og_type":"article","og_title":"KEZD\u0150LAP - Nemes Anna","og_url":"https:\/\/nemesanna.hu\/home\/","og_site_name":"Nemes Anna","article_modified_time":"2022-07-05T09:59:46+00:00","og_image":[{"url":"https:\/\/nemesanna.hu\/home\/wp-content\/uploads\/2022\/07\/NemesAnna_fooldal-scaled.jpg"}],"author":"admin","twitter_card":"summary_large_image","twitter_misc":{"Becs\u00fclt olvas\u00e1si id\u0151":"1 perc"},"schema":{"@context":"https:\/\/schema.org","@graph":[{"@type":"WebSite","@id":"https:\/\/nemesanna.hu\/home\/#website","url":"https:\/\/nemesanna.hu\/home\/","name":"Nemes Anna","description":"Nemes Anna Blog","potentialAction":[{"@type":"SearchAction","target":{"@type":"EntryPoint","urlTemplate":"https:\/\/nemesanna.hu\/home\/?s={search_term_string}"},"query-input":"required name=search_term_string"}],"inLanguage":"hu"},{"@type":"ImageObject","inLanguage":"hu","@id":"https:\/\/nemesanna.hu\/home\/#primaryimage","url":"https:\/\/i0.wp.com\/nemesanna.hu\/home\/wp-content\/uploads\/2022\/07\/NemesAnna_fooldal-scaled.jpg?fit=1707%2C2560&ssl=1","contentUrl":"https:\/\/i0.wp.com\/nemesanna.hu\/home\/wp-content\/uploads\/2022\/07\/NemesAnna_fooldal-scaled.jpg?fit=1707%2C2560&ssl=1","width":1707,"height":2560},{"@type":"WebPage","@id":"https:\/\/nemesanna.hu\/home\/#webpage","url":"https:\/\/nemesanna.hu\/home\/","name":"KEZD\u0150LAP - Nemes Anna","isPartOf":{"@id":"https:\/\/nemesanna.hu\/home\/#website"},"primaryImageOfPage":{"@id":"https:\/\/nemesanna.hu\/home\/#primaryimage"},"datePublished":"2022-05-22T17:00:35+00:00","dateModified":"2022-07-05T09:59:46+00:00","breadcrumb":{"@id":"https:\/\/nemesanna.hu\/home\/#breadcrumb"},"inLanguage":"hu","potentialAction":[{"@type":"ReadAction","target":["https:\/\/nemesanna.hu\/home\/"]}]},{"@type":"BreadcrumbList","@id":"https:\/\/nemesanna.hu\/home\/#breadcrumb","itemListElement":[{"@type":"ListItem","position":1,"name":"Kezd\u0151lap","item":"https:\/\/nemesanna.hu\/home\/"},{"@type":"ListItem","position":2,"name":"KEZD\u0150LAP"}]}]}},"jetpack-related-posts":[],"_links":{"self":[{"href":"https:\/\/nemesanna.hu\/home\/wp-json\/wp\/v2\/pages\/38","targetHints":{"allow":["GET"]}}],"collection":[{"href":"https:\/\/nemesanna.hu\/home\/wp-json\/wp\/v2\/pages"}],"about":[{"href":"https:\/\/nemesanna.hu\/home\/wp-json\/wp\/v2\/types\/page"}],"author":[{"embeddable":true,"href":"https:\/\/nemesanna.hu\/home\/wp-json\/wp\/v2\/users\/1"}],"replies":[{"embeddable":true,"href":"https:\/\/nemesanna.hu\/home\/wp-json\/wp\/v2\/comments?post=38"}],"version-history":[{"count":16,"href":"https:\/\/nemesanna.hu\/home\/wp-json\/wp\/v2\/pages\/38\/revisions"}],"predecessor-version":[{"id":133,"href":"https:\/\/nemesanna.hu\/home\/wp-json\/wp\/v2\/pages\/38\/revisions\/133"}],"wp:attachment":[{"href":"https:\/\/nemesanna.hu\/home\/wp-json\/wp\/v2\/media?parent=38"}],"curies":[{"name":"wp","href":"https:\/\/api.w.org\/{rel}","templated":true}]}}